{"id":1810,"date":"2024-02-02T11:02:01","date_gmt":"2024-02-02T09:02:01","guid":{"rendered":"https:\/\/erasmus.eoiestepona.org\/?page_id=1810"},"modified":"2024-02-02T11:02:01","modified_gmt":"2024-02-02T09:02:01","slug":"eoi-estepona","status":"publish","type":"page","link":"https:\/\/erasmus.eoiestepona.org\/?page_id=1810","title":{"rendered":"EOI Estepona"},"content":{"rendered":"<p>La Escuela Oficial de Idiomas de Estepona es un centro p\u00fablico dependiente de la Consejer\u00eda de Educaci\u00f3n de la Junta de Andaluc\u00eda.<\/p>\n<p>En este centro ofrecemos cursos anuales de ingl\u00e9s y franc\u00e9s del nivel A1 al nivel C1, en diferentes modalidades: presencial y semipresencial. Igualmente ofrecemos cursos cuatrimestrales espec\u00edficos para actualizar los conocimientos en ambos idiomas as\u00ed como de especializaci\u00f3n en determinadas destrezas.<\/p>\n<p>Desde 2020 esta escuela es un centro acreditado Erasmus+. El objetivo del programa es apoyar, a trav\u00e9s del aprendizaje permanente, el desarrollo educativo, profesional y personal de nuestro personal y de nuestro alumnado, a fin de contribuir al crecimiento sostenible, al empleo de calidad y a la cohesi\u00f3n social, adem\u00e1s de a impulsar la innovaci\u00f3n y a fortalecer la identiddad europea y la ciudadan\u00eda activa. Para ello en nuestros programas se promueven la movilidad para el aprendizaje del profesorado y alumnado, as\u00ed como la cooperaci\u00f3n, la calidad, la inclusi\u00f3n y la equidad, la excelencia, la creatividad y la innovaci\u00f3n.<\/p>\n<ul>\n<li><a href=\"https:\/\/erasmus.eoiestepona.org\/?page_id=2\">Acreditaci\u00f3n ADU<\/a><\/li>\n<li><a href=\"https:\/\/erasmus.eoiestepona.org\/?page_id=1796\">Socios de la EOI Estepona<\/a><\/li>\n<li><a href=\"https:\/\/erasmus.eoiestepona.org\/?page_id=904\">Conoce Estepona<\/a><\/li>\n<\/ul>\n","protected":false},"excerpt":{"rendered":"<p>La Escuela Oficial de Idiomas de Estepona es un centro p\u00fablico dependiente de la Consejer\u00eda de Educaci\u00f3n de la Junta de Andaluc\u00eda. En este centro ofrecemos cursos anuales de ingl\u00e9s y franc\u00e9s del nivel A1 al nivel C1, en diferentes modalidades: presencial y semipresencial. Igualmente ofrecemos cursos cuatrimestrales espec\u00edficos para actualizar los conocimientos en ambos [&hellip;]<\/p>\n","protected":false},"author":1,"featured_media":0,"parent":0,"menu_order":0,"comment_status":"closed","ping_status":"closed","template":"","meta":{"footnotes":""},"class_list":["post-1810","page","type-page","status-publish","hentry"],"_links":{"self":[{"href":"https:\/\/erasmus.eoiestepona.org\/index.php?rest_route=\/wp\/v2\/pages\/1810","targetHints":{"allow":["GET"]}}],"collection":[{"href":"https:\/\/erasmus.eoiestepona.org\/index.php?rest_route=\/wp\/v2\/pages"}],"about":[{"href":"https:\/\/erasmus.eoiestepona.org\/index.php?rest_route=\/wp\/v2\/types\/page"}],"author":[{"embeddable":true,"href":"https:\/\/erasmus.eoiestepona.org\/index.php?rest_route=\/wp\/v2\/users\/1"}],"replies":[{"embeddable":true,"href":"https:\/\/erasmus.eoiestepona.org\/index.php?rest_route=%2Fwp%2Fv2%2Fcomments&post=1810"}],"version-history":[{"count":1,"href":"https:\/\/erasmus.eoiestepona.org\/index.php?rest_route=\/wp\/v2\/pages\/1810\/revisions"}],"predecessor-version":[{"id":1811,"href":"https:\/\/erasmus.eoiestepona.org\/index.php?rest_route=\/wp\/v2\/pages\/1810\/revisions\/1811"}],"wp:attachment":[{"href":"https:\/\/erasmus.eoiestepona.org\/index.php?rest_route=%2Fwp%2Fv2%2Fmedia&parent=1810"}],"curies":[{"name":"wp","href":"https:\/\/api.w.org\/{rel}","templated":true}]}}