{"id":2,"date":"2022-05-24T14:57:05","date_gmt":"2022-05-24T12:57:05","guid":{"rendered":"https:\/\/erasmus.eoiestepona.org\/?page_id=2"},"modified":"2025-10-16T10:04:15","modified_gmt":"2025-10-16T08:04:15","slug":"sample-page","status":"publish","type":"page","link":"https:\/\/erasmus.eoiestepona.org\/?page_id=2","title":{"rendered":"Acreditaci\u00f3n Erasmus+"},"content":{"rendered":"<p>Desde el Servicio Espa\u00f1ol para la Internacionalizaci\u00f3n de la Educaci\u00f3n (SEPIE), organismo p\u00fablico adscrito al Ministerio de Universidades que act\u00faa como Agencia Nacional del programa Erasmus+ en Espa\u00f1a, ha concedido a la Escuela Oficial de Idiomas de Estepona la Acreditaci\u00f3n del programa Erasmus+ para el per\u00edodo 2021-2027.<\/p>\n<p>Esta acreditaci\u00f3n nos permite participar en los programas europeos de una manera m\u00e1s sencilla ya que se present\u00f3 un proyecto con los ejes fundamentales que el centro quiere trabajar en los pr\u00f3ximos a\u00f1os.<\/p>\n<p><img loading=\"lazy\" decoding=\"async\" class=\"aligncenter wp-image-297 size-full\" src=\"https:\/\/erasmus.eoiestepona.org\/wp-content\/uploads\/2022\/05\/acreditacion.jpg\" alt=\"\" width=\"645\" height=\"451\" srcset=\"https:\/\/erasmus.eoiestepona.org\/wp-content\/uploads\/2022\/05\/acreditacion.jpg 645w, https:\/\/erasmus.eoiestepona.org\/wp-content\/uploads\/2022\/05\/acreditacion-300x210.jpg 300w\" sizes=\"auto, (max-width: 645px) 100vw, 645px\" \/><\/p>\n<p>&nbsp;<\/p>\n<p>&nbsp;<\/p>\n<p>Los objetivos marcados son:<\/p>\n<p>Objective 1: Mejorar los procesos educativos mediante la digitalizaci\u00f3n de contenidos.<br \/>\nObjective 2: Integrar plataformas basadas en entornos virtuales de aprendizaje.<br \/>\nObjective 3: Apoyar el diversidad del alumnado.<br \/>\nObjective 4: Desarrollar la capacidad cognitiva y creativa a trav\u00e9s de las TIC.<br \/>\nObjective 5: Incrementar la participaci\u00f3n y el trabajo en equipo.<\/p>\n<p>Los objetivos revisados son:<\/p>\n<ul>\n<li>Objetivo 1: Mejorar los procesos educativos mediante la digitalizaci\u00f3n de contenidos.<\/li>\n<li>Objetivo2: Integrar plataformas basadas en entornos virtuales de aprendizaje.<\/li>\n<li>Objetivo 3: Apoyar la diversidad del alumnado.<\/li>\n<li>Objetivo 4: Desarrollar la capacidad cognitiva y creativa a trav\u00e9s de las TIC.<\/li>\n<li>Objetivo 5: Incrementar la participaci\u00f3n y el trabajo en equipo.<\/li>\n<li>Objetivo 6: La internacionalizaci\u00f3n y modernizaci\u00f3n de la EOI Estepona<\/li>\n<li>Objetivo 7: ECO-Escuela: sostenibilidad y ecolog\u00eda.<\/li>\n<\/ul>\n","protected":false},"excerpt":{"rendered":"<p>Desde el Servicio Espa\u00f1ol para la Internacionalizaci\u00f3n de la Educaci\u00f3n (SEPIE), organismo p\u00fablico adscrito al Ministerio de Universidades que act\u00faa como Agencia Nacional del programa Erasmus+ en Espa\u00f1a, ha concedido a la Escuela Oficial de Idiomas de Estepona la Acreditaci\u00f3n del programa Erasmus+ para el per\u00edodo 2021-2027. Esta acreditaci\u00f3n nos permite participar en los programas [&hellip;]<\/p>\n","protected":false},"author":1,"featured_media":297,"parent":0,"menu_order":0,"comment_status":"closed","ping_status":"closed","template":"","meta":{"footnotes":""},"class_list":["post-2","page","type-page","status-publish","has-post-thumbnail","hentry"],"_links":{"self":[{"href":"https:\/\/erasmus.eoiestepona.org\/index.php?rest_route=\/wp\/v2\/pages\/2","targetHints":{"allow":["GET"]}}],"collection":[{"href":"https:\/\/erasmus.eoiestepona.org\/index.php?rest_route=\/wp\/v2\/pages"}],"about":[{"href":"https:\/\/erasmus.eoiestepona.org\/index.php?rest_route=\/wp\/v2\/types\/page"}],"author":[{"embeddable":true,"href":"https:\/\/erasmus.eoiestepona.org\/index.php?rest_route=\/wp\/v2\/users\/1"}],"replies":[{"embeddable":true,"href":"https:\/\/erasmus.eoiestepona.org\/index.php?rest_route=%2Fwp%2Fv2%2Fcomments&post=2"}],"version-history":[{"count":5,"href":"https:\/\/erasmus.eoiestepona.org\/index.php?rest_route=\/wp\/v2\/pages\/2\/revisions"}],"predecessor-version":[{"id":4548,"href":"https:\/\/erasmus.eoiestepona.org\/index.php?rest_route=\/wp\/v2\/pages\/2\/revisions\/4548"}],"wp:featuredmedia":[{"embeddable":true,"href":"https:\/\/erasmus.eoiestepona.org\/index.php?rest_route=\/wp\/v2\/media\/297"}],"wp:attachment":[{"href":"https:\/\/erasmus.eoiestepona.org\/index.php?rest_route=%2Fwp%2Fv2%2Fmedia&parent=2"}],"curies":[{"name":"wp","href":"https:\/\/api.w.org\/{rel}","templated":true}]}}