{"id":2568,"date":"2024-08-02T11:30:39","date_gmt":"2024-08-02T09:30:39","guid":{"rendered":"https:\/\/erasmus.eoiestepona.org\/?page_id=2568"},"modified":"2026-03-30T10:03:47","modified_gmt":"2026-03-30T08:03:47","slug":"ka-121-2024","status":"publish","type":"page","link":"https:\/\/erasmus.eoiestepona.org\/?page_id=2568","title":{"rendered":"KA 121 &#8211; 2024"},"content":{"rendered":"<p>La Escuela Oficial de Idiomas de Estepona ha sido seleccionada por su propuesta para un proyecto de la Acci\u00f3n Clave 1 \u2013 Movilidad educativa de las personas.<\/p>\n<p>El proyecto Acreditado 2024-1-ES01-KA121-ADU-000203934 tiene una duraci\u00f3n de 15 meses y una subvenci\u00f3n de un importe m\u00e1ximo de 67.099,00 \u20ac. El objetivo de este proyecto es trabajar hacia la consecui\u00f3n de los objetivos del Plan Erasmus de nuestro proyecto a trav\u00e9s de diferente movilidades:<\/p>\n<ul>\n<li>16 movilidades de estudiantes adultos<\/li>\n<li>2 expertos invitados en la EOI Estepona<\/li>\n<li>2 estancias de ense\u00f1anza o formaci\u00f3n<\/li>\n<li>4 cursos y formaci\u00f3n<\/li>\n<li>4 aprendizaje por observaci\u00f3n<\/li>\n<\/ul>\n<p>Dejamos aqu\u00ed el listado de movilidades realizadas en el proyecto y los materiales e informaci\u00f3n recopilados en su realizaci\u00f3n:<\/p>\n<ul>\n<li><a href=\"https:\/\/erasmus.eoiestepona.org\/?page_id=2707\">Biblioteca P\u00fablica Gabriel\u0117 Petkevi\u010dait\u0117-Bit\u0117<\/a> &#8211; movilidad de estudiantes adultos del 30 de septiembre al 4 de octubre de 2024.<\/li>\n<li><a href=\"https:\/\/erasmus.eoiestepona.org\/?page_id=2858\">CPIA 1 Torino \u2013 Paulo Freire<\/a> \u2013 movilidad de estudiantes adultos del 21\u00a0 al 25 de octubre de 2024.<\/li>\n<li><a href=\"https:\/\/erasmus.eoiestepona.org\/?page_id=3031\">Teaching in the AI Age<\/a> &#8211; curso de formaci\u00f3n del 2 al 6 de diciembre de 2024.<\/li>\n<li><a href=\"https:\/\/erasmus.eoiestepona.org\/?page_id=3172\">Experta invitada &#8211; Jelena Glamo\u010danin<\/a> del 16 al 19 de diciembre de 2024.<\/li>\n<li><a href=\"https:\/\/erasmus.eoiestepona.org\/?page_id=3250\">CPIA Napoli Citt\u00e0 2<\/a> &#8211; movilidad de observaci\u00f3n del 20 al 24 de enero de 2025.<\/li>\n<li><a href=\"https:\/\/erasmus.eoiestepona.org\/?page_id=3366\">CPIA La Spezia Alberto Manzi<\/a> &#8211; movilidad estancia de ense\u00f1anza del 7 al 14 de marzo de 2025.<\/li>\n<li><a href=\"https:\/\/erasmus.eoiestepona.org\/?page_id=3252\">Universidade S\u00e9nior de \u00c9vora<\/a> &#8211; movilidad de estudiantes adultos del 17 al 21 de marzo de 2025.<\/li>\n<li><a href=\"https:\/\/erasmus.eoiestepona.org\/?page_id=3832\">Universidade S\u00e9nior de \u00c9vora<\/a> &#8211; movilidad de observaci\u00f3n del 17 al 21 de marzo de 2025.<\/li>\n<li><a href=\"https:\/\/erasmus.eoiestepona.org\/?page_id=3254\">CPIA 5 Torino<\/a> &#8211; movilidad de estudiantes adultos del 30 de marzo al 6 de abril de 2025.<\/li>\n<li><a href=\"https:\/\/erasmus.eoiestepona.org\/?page_id=3843\">CPIA 5 Torino<\/a> &#8211; movilidad de observaci\u00f3n del 31 de marzo al 4 de abril de 2025.<\/li>\n<li><a href=\"https:\/\/erasmus.eoiestepona.org\/?page_id=3853\">CPIA Caltanissetta-Enna<\/a>\u00a0 &#8211; movilidad de observaci\u00f3n del 28 de abril al 2 de mayo de 2025.<\/li>\n<li><a href=\"https:\/\/erasmus.eoiestepona.org\/?page_id=3908\">\u041f\u041f\u041c\u0413 \u201e\u0410\u043a\u0430\u0434. \u043f\u0440\u043e\u0444. \u0434-\u0440 \u0410\u0441\u0435\u043d \u0417\u043b\u0430\u0442\u0430\u0440\u043e\u0432<\/a> &#8211; movilidad estancia de ense\u00f1anza del 14 al 16 de mayo de 2025.<\/li>\n<li><a href=\"https:\/\/erasmus.eoiestepona.org\/?page_id=3899\">\u041f\u041f\u041c\u0413 \u201e\u0410\u043a\u0430\u0434. \u043f\u0440\u043e\u0444. \u0434-\u0440 \u0410\u0441\u0435\u043d \u0417\u043b\u0430\u0442\u0430\u0440\u043e\u0432<\/a> &#8211; movilidad de estudiantes adultos 11 al 17 de mayo de 2025<\/li>\n<li><a href=\"https:\/\/erasmus.eoiestepona.org\/?page_id=3256\">La Cocotte Solidaire<\/a> &#8211; movilidad de estudiantes adultos del 21 al 26 de junio de 2025.<\/li>\n<li><a href=\"https:\/\/erasmus.eoiestepona.org\/?page_id=3256\">La Cocotte Solidaire<\/a> &#8211; movilidad de estudiantes adultos del 25 al 29 de junio de 2025.<\/li>\n<li><a href=\"https:\/\/erasmus.eoiestepona.org\/?page_id=4391\">\u041f\u041f\u041c\u0413 \u201e\u0410\u043a\u0430\u0434. \u043f\u0440\u043e\u0444. \u0434-\u0440 \u0410\u0441\u0435\u043d \u0417\u043b\u0430\u0442\u0430\u0440\u043e\u0432<\/a> &#8211; movilidad estancia de observaci\u00f3n del 11 al 17 de junio de 2025.<\/li>\n<li><a href=\"https:\/\/erasmus.eoiestepona.org\/?page_id=4653\">In English, Please!<\/a> &#8211; curso de formaci\u00f3n del 20 al 25 de julio de 2025<\/li>\n<li><a href=\"https:\/\/erasmus.eoiestepona.org\/?page_id=4484\">Wisamar<\/a> &#8211; movilidad de observaci\u00f3n del 27 al 31 de julio de 2025<\/li>\n<li><a href=\"https:\/\/erasmus.eoiestepona.org\/?page_id=4670\">Design Learning Spaces for the 21st Century Classroom<\/a> &#8211; curso de formaci\u00f3n del 11 al 16 de agosto 2025.<\/li>\n<li>Experta invitada &#8211; Chiara Torrisi &#8211; movilidad del 21 al 23 de abril de 2026.<\/li>\n<li><strong>AI-Enhanced Learning Experiences: the future of Education<\/strong> &#8211; curso de formaci\u00f3n del 27 de abril al 2 de mayo de 2026.<\/li>\n<\/ul>\n<p>&nbsp;<\/p>\n<p>Adem\u00e1s durante el presente curso se han realizado varias actividades con centros socios dentro del marco de Erasmus+<\/p>\n<ul>\n<li><a href=\"https:\/\/erasmus.eoiestepona.org\/?page_id=3258\">Movilidad de formaci\u00f3n &#8211; Expertos invitados en Ankara<\/a> del 10 al 12 de febrero de 2025.<\/li>\n<li><a href=\"https:\/\/erasmus.eoiestepona.org\/?page_id=3258\">Movilidad de formaci\u00f3n <\/a><a href=\"https:\/\/erasmus.eoiestepona.org\/?page_id=3260\">&#8211; Expertos invitados en CPIA 1 Torino<\/a> del 20 al 21 de febrero de 2025.<\/li>\n<li><a href=\"https:\/\/erasmus.eoiestepona.org\/?page_id=3258\">Movilidad de formaci\u00f3n <\/a><a href=\"https:\/\/erasmus.eoiestepona.org\/?page_id=3915\">\u00a0&#8211; Expertos invitados en CPIA 5 Torino<\/a> del 19 al 21 de mayo de 2025.<\/li>\n<li><a href=\"https:\/\/erasmus.eoiestepona.org\/?page_id=3258\">Movilidad de formaci\u00f3n <\/a><a href=\"https:\/\/erasmus.eoiestepona.org\/?page_id=4114\">\u00a0&#8211; Expertos invitados en Gymn\u00e1zium Sobrance<\/a> (Eslovaquia) del 16 al 18 de junio de 2025.<\/li>\n<li><a href=\"https:\/\/erasmus.eoiestepona.org\/?page_id=3737\">Semana Erasmus+ Week 2025<\/a> del 7 al 11 de abril de 2025.<\/li>\n<\/ul>\n","protected":false},"excerpt":{"rendered":"<p>La Escuela Oficial de Idiomas de Estepona ha sido seleccionada por su propuesta para un proyecto de la Acci\u00f3n Clave 1 \u2013 Movilidad educativa de las personas. El proyecto Acreditado 2024-1-ES01-KA121-ADU-000203934 tiene una duraci\u00f3n de 15 meses y una subvenci\u00f3n de un importe m\u00e1ximo de 67.099,00 \u20ac. El objetivo de este proyecto es trabajar hacia [&hellip;]<\/p>\n","protected":false},"author":1,"featured_media":0,"parent":0,"menu_order":0,"comment_status":"closed","ping_status":"closed","template":"","meta":{"footnotes":""},"class_list":["post-2568","page","type-page","status-publish","hentry"],"_links":{"self":[{"href":"https:\/\/erasmus.eoiestepona.org\/index.php?rest_route=\/wp\/v2\/pages\/2568","targetHints":{"allow":["GET"]}}],"collection":[{"href":"https:\/\/erasmus.eoiestepona.org\/index.php?rest_route=\/wp\/v2\/pages"}],"about":[{"href":"https:\/\/erasmus.eoiestepona.org\/index.php?rest_route=\/wp\/v2\/types\/page"}],"author":[{"embeddable":true,"href":"https:\/\/erasmus.eoiestepona.org\/index.php?rest_route=\/wp\/v2\/users\/1"}],"replies":[{"embeddable":true,"href":"https:\/\/erasmus.eoiestepona.org\/index.php?rest_route=%2Fwp%2Fv2%2Fcomments&post=2568"}],"version-history":[{"count":39,"href":"https:\/\/erasmus.eoiestepona.org\/index.php?rest_route=\/wp\/v2\/pages\/2568\/revisions"}],"predecessor-version":[{"id":5257,"href":"https:\/\/erasmus.eoiestepona.org\/index.php?rest_route=\/wp\/v2\/pages\/2568\/revisions\/5257"}],"wp:attachment":[{"href":"https:\/\/erasmus.eoiestepona.org\/index.php?rest_route=%2Fwp%2Fv2%2Fmedia&parent=2568"}],"curies":[{"name":"wp","href":"https:\/\/api.w.org\/{rel}","templated":true}]}}