{"id":4653,"date":"2025-11-04T15:40:59","date_gmt":"2025-11-04T13:40:59","guid":{"rendered":"https:\/\/erasmus.eoiestepona.org\/?page_id=4653"},"modified":"2025-11-04T15:42:42","modified_gmt":"2025-11-04T13:42:42","slug":"in-english-please","status":"publish","type":"page","link":"https:\/\/erasmus.eoiestepona.org\/?page_id=4653","title":{"rendered":"In English, Please!"},"content":{"rendered":"<h3 data-start=\"253\" data-end=\"318\"><strong data-start=\"257\" data-end=\"318\">Curso Erasmus+ \u201cIn English, please!\u201d \u2013 Oporto, julio 2025<\/strong><\/h3>\n<p data-start=\"320\" data-end=\"574\">Del <strong data-start=\"324\" data-end=\"345\">20 al 25 de julio<\/strong>, nuestra compa\u00f1era <strong data-start=\"365\" data-end=\"373\">Nieves Mensah Donkor<\/strong>, administrativa de la <strong data-start=\"396\" data-end=\"438\">Escuela Oficial de Idiomas de Estepona<\/strong>, particip\u00f3 en el curso <strong data-start=\"462\" data-end=\"487\"><em data-start=\"464\" data-end=\"485\">In English, please!<\/em><\/strong> en la ciudad de <strong data-start=\"504\" data-end=\"525\">Oporto (Portugal)<\/strong>, dentro del marco del programa <strong data-start=\"557\" data-end=\"573\">Erasmus+ KA1<\/strong>.<\/p>\n<p data-start=\"320\" data-end=\"574\"><img loading=\"lazy\" decoding=\"async\" class=\"aligncenter size-large wp-image-4474\" src=\"https:\/\/erasmus.eoiestepona.org\/wp-content\/uploads\/2025\/07\/IMG-20250722-WA0000-1024x1024.jpg\" alt=\"\" width=\"1024\" height=\"1024\" srcset=\"https:\/\/erasmus.eoiestepona.org\/wp-content\/uploads\/2025\/07\/IMG-20250722-WA0000-1024x1024.jpg 1024w, https:\/\/erasmus.eoiestepona.org\/wp-content\/uploads\/2025\/07\/IMG-20250722-WA0000-300x300.jpg 300w, https:\/\/erasmus.eoiestepona.org\/wp-content\/uploads\/2025\/07\/IMG-20250722-WA0000-150x150.jpg 150w, https:\/\/erasmus.eoiestepona.org\/wp-content\/uploads\/2025\/07\/IMG-20250722-WA0000-768x768.jpg 768w, https:\/\/erasmus.eoiestepona.org\/wp-content\/uploads\/2025\/07\/IMG-20250722-WA0000.jpg 1440w\" sizes=\"auto, (max-width: 1024px) 100vw, 1024px\" \/><\/p>\n<h4 data-start=\"576\" data-end=\"599\"><strong data-start=\"581\" data-end=\"599\">Sobre el curso<\/strong><\/h4>\n<p data-start=\"600\" data-end=\"932\">El curso, organizado por Learning Together, est\u00e1 dise\u00f1ado para participantes que deseen desarrollar o reforzar sus competencias ling\u00fc\u00edsticas en ingl\u00e9s \u2014especialmente la fluidez oral, el vocabulario y la pronunciaci\u00f3n\u2014, as\u00ed como para docentes interesados en aplicar metodolog\u00edas m\u00e1s din\u00e1micas e interactivas en el aula.<\/p>\n<p data-start=\"934\" data-end=\"985\">Entre sus principales <strong data-start=\"956\" data-end=\"969\">objetivos<\/strong>, se encuentran:<\/p>\n<ul data-start=\"986\" data-end=\"1452\">\n<li data-start=\"986\" data-end=\"1048\">\n<p data-start=\"988\" data-end=\"1048\">Mejorar y actualizar las destrezas ling\u00fc\u00edsticas en ingl\u00e9s.<\/p>\n<\/li>\n<li data-start=\"1049\" data-end=\"1145\">\n<p data-start=\"1051\" data-end=\"1145\">Reforzar la confianza y la fluidez al comunicarse en situaciones cotidianas y profesionales.<\/p>\n<\/li>\n<li data-start=\"1146\" data-end=\"1232\">\n<p data-start=\"1148\" data-end=\"1232\">Introducir ideas creativas para hacer las clases m\u00e1s participativas y motivadoras.<\/p>\n<\/li>\n<li data-start=\"1233\" data-end=\"1306\">\n<p data-start=\"1235\" data-end=\"1306\">Implementar actividades pr\u00e1cticas para contextos educativos diversos.<\/p>\n<\/li>\n<li data-start=\"1307\" data-end=\"1382\">\n<p data-start=\"1309\" data-end=\"1382\">Fomentar el intercambio de buenas pr\u00e1cticas y valores europeos comunes.<\/p>\n<\/li>\n<li data-start=\"1383\" data-end=\"1452\">\n<p data-start=\"1385\" data-end=\"1452\">Acercar a los participantes a la cultura y el patrimonio de Oporto.<\/p>\n<\/li>\n<\/ul>\n<h4 data-start=\"1454\" data-end=\"1481\"><strong data-start=\"1459\" data-end=\"1481\">Programa formativo<\/strong><\/h4>\n<p data-start=\"1482\" data-end=\"1666\">Durante seis intensas jornadas, los asistentes combinaron <strong data-start=\"1540\" data-end=\"1580\">formaci\u00f3n ling\u00fc\u00edstica y metodol\u00f3gica<\/strong> con <strong data-start=\"1585\" data-end=\"1628\">actividades culturales y de integraci\u00f3n<\/strong>.<br data-start=\"1629\" data-end=\"1632\" \/>El programa incluy\u00f3 sesiones como:<\/p>\n<ul data-start=\"1668\" data-end=\"2255\">\n<li data-start=\"1668\" data-end=\"1775\">\n<p data-start=\"1670\" data-end=\"1775\"><strong data-start=\"1670\" data-end=\"1680\">D\u00eda 1:<\/strong> Bienvenida, din\u00e1micas de presentaci\u00f3n, planificaci\u00f3n de la semana y an\u00e1lisis de necesidades.<\/p>\n<\/li>\n<li data-start=\"1776\" data-end=\"1872\">\n<p data-start=\"1778\" data-end=\"1872\"><strong data-start=\"1778\" data-end=\"1788\">D\u00eda 2:<\/strong> Taller de fluidez, enfoque gramatical y planificaci\u00f3n de proyectos comunicativos.<\/p>\n<\/li>\n<li data-start=\"1873\" data-end=\"1991\">\n<p data-start=\"1875\" data-end=\"1991\"><strong data-start=\"1875\" data-end=\"1885\">D\u00eda 3:<\/strong> Lenguaje idiom\u00e1tico actual, vocabulario y t\u00e9cnicas de ense\u00f1anza, dramatizaci\u00f3n y narraci\u00f3n cooperativa.<\/p>\n<\/li>\n<li data-start=\"1992\" data-end=\"2073\">\n<p data-start=\"1994\" data-end=\"2073\"><strong data-start=\"1994\" data-end=\"2004\">D\u00eda 4:<\/strong> Literatura e identidad, pronunciaci\u00f3n y entrenamiento ling\u00fc\u00edstico.<\/p>\n<\/li>\n<li data-start=\"2074\" data-end=\"2146\">\n<p data-start=\"2076\" data-end=\"2146\"><strong data-start=\"2076\" data-end=\"2086\">D\u00eda 5:<\/strong> Enfoque l\u00e9xico y uso de materiales aut\u00e9nticos en el aula.<\/p>\n<\/li>\n<li data-start=\"2147\" data-end=\"2255\">\n<p data-start=\"2149\" data-end=\"2255\"><strong data-start=\"2149\" data-end=\"2159\">D\u00eda 6:<\/strong> Presentaciones finales, validaci\u00f3n de resultados de aprendizaje y ceremonia de certificaci\u00f3n.<\/p>\n<\/li>\n<\/ul>\n<p data-start=\"2257\" data-end=\"2435\">El curso combin\u00f3 las clases matinales con <strong data-start=\"2299\" data-end=\"2345\">pausas para el caf\u00e9 y actividades sociales<\/strong>, que fomentaron el intercambio cultural entre participantes de distintos pa\u00edses europeos.<\/p>\n<h4 data-start=\"2437\" data-end=\"2468\"><strong data-start=\"2442\" data-end=\"2468\">La experiencia de Vivi<\/strong><\/h4>\n<blockquote data-start=\"2469\" data-end=\"3229\">\n<p data-start=\"2471\" data-end=\"3229\">\u201cEste verano tuve la oportunidad de viajar a Oporto gracias a mi trabajo en la EOI Estepona. El curso se impart\u00eda por las ma\u00f1anas y fue bastante completo y ameno. Repasamos gram\u00e1tica de forma din\u00e1mica, mediante juegos y actividades interactivas que hac\u00edan las clases divertidas y participativas.<br data-start=\"2766\" data-end=\"2769\" \/>A media ma\u00f1ana visit\u00e1bamos varias cafeter\u00edas y desayun\u00e1bamos productos t\u00edpicos, como los famosos <em data-start=\"2868\" data-end=\"2886\">pasteles de nata<\/em>, croissants o embutidos. \u00a1Todo riqu\u00edsimo!<br data-start=\"2928\" data-end=\"2931\" \/>Por las tardes recorr\u00edamos la ciudad, descubriendo su encanto europeo y sus preciosas fachadas de azulejos.<br data-start=\"3040\" data-end=\"3043\" \/>Fue una gran experiencia que repetir\u00eda sin dudar. Agradezco a la Escuela Oficial de Idiomas de Estepona por haberme dado esta oportunidad: aprend\u00ed, viaj\u00e9 y conoc\u00ed a gente maravillosa.\u201d<\/p>\n<\/blockquote>\n<h4 data-start=\"3231\" data-end=\"3250\"><strong data-start=\"3236\" data-end=\"3250\">Conclusi\u00f3n<\/strong><\/h4>\n<p data-start=\"3251\" data-end=\"3507\">El curso <em data-start=\"3260\" data-end=\"3281\">In English, please!<\/em> ha sido una valiosa oportunidad de <strong data-start=\"3317\" data-end=\"3380\">formaci\u00f3n, intercambio y crecimiento personal y profesional<\/strong>, que refuerza el compromiso de la <strong data-start=\"3415\" data-end=\"3431\">EOI Estepona<\/strong> con la <strong data-start=\"3439\" data-end=\"3491\">formaci\u00f3n continua y la proyecci\u00f3n internacional<\/strong> de su personal.<\/p>\n","protected":false},"excerpt":{"rendered":"<p>Curso Erasmus+ \u201cIn English, please!\u201d \u2013 Oporto, julio 2025 Del 20 al 25 de julio, nuestra compa\u00f1era Nieves Mensah Donkor, administrativa de la Escuela Oficial de Idiomas de Estepona, particip\u00f3 en el curso In English, please! en la ciudad de Oporto (Portugal), dentro del marco del programa Erasmus+ KA1. Sobre el curso El curso, organizado [&hellip;]<\/p>\n","protected":false},"author":1,"featured_media":0,"parent":0,"menu_order":0,"comment_status":"closed","ping_status":"closed","template":"","meta":{"footnotes":""},"class_list":["post-4653","page","type-page","status-publish","hentry"],"_links":{"self":[{"href":"https:\/\/erasmus.eoiestepona.org\/index.php?rest_route=\/wp\/v2\/pages\/4653","targetHints":{"allow":["GET"]}}],"collection":[{"href":"https:\/\/erasmus.eoiestepona.org\/index.php?rest_route=\/wp\/v2\/pages"}],"about":[{"href":"https:\/\/erasmus.eoiestepona.org\/index.php?rest_route=\/wp\/v2\/types\/page"}],"author":[{"embeddable":true,"href":"https:\/\/erasmus.eoiestepona.org\/index.php?rest_route=\/wp\/v2\/users\/1"}],"replies":[{"embeddable":true,"href":"https:\/\/erasmus.eoiestepona.org\/index.php?rest_route=%2Fwp%2Fv2%2Fcomments&post=4653"}],"version-history":[{"count":2,"href":"https:\/\/erasmus.eoiestepona.org\/index.php?rest_route=\/wp\/v2\/pages\/4653\/revisions"}],"predecessor-version":[{"id":4656,"href":"https:\/\/erasmus.eoiestepona.org\/index.php?rest_route=\/wp\/v2\/pages\/4653\/revisions\/4656"}],"wp:attachment":[{"href":"https:\/\/erasmus.eoiestepona.org\/index.php?rest_route=%2Fwp%2Fv2%2Fmedia&parent=4653"}],"curies":[{"name":"wp","href":"https:\/\/api.w.org\/{rel}","templated":true}]}}