{"id":4890,"date":"2026-02-23T22:25:05","date_gmt":"2026-02-23T20:25:05","guid":{"rendered":"https:\/\/erasmus.eoiestepona.org\/?page_id=4890"},"modified":"2026-02-28T16:22:22","modified_gmt":"2026-02-28T14:22:22","slug":"cpia-1-bergamo-movilidad-de-ensenanza","status":"publish","type":"page","link":"https:\/\/erasmus.eoiestepona.org\/?page_id=4890","title":{"rendered":"CPIA 1 Bergamo &#8211; Movilidad de ense\u00f1anza"},"content":{"rendered":"<p data-start=\"154\" data-end=\"603\">Del <strong data-start=\"158\" data-end=\"189\">23 al 26 de febrero de 2026<\/strong>, el docente <strong data-start=\"202\" data-end=\"216\">Juan Ortiz<\/strong>, director de la Escuela Oficial de Idiomas Estepona, se encuentra realizando una movilidad de docencia en el <span class=\"hover:entity-accent entity-underline inline cursor-pointer align-baseline\"><span class=\"whitespace-normal\">CPIA 1 de B\u00e9rgamo<\/span><\/span> (Italia), acompa\u00f1ado por un grupo de estudiantes de nuestro centro que participan en una movilidad de grupo dentro del proyecto acreditado <strong data-start=\"503\" data-end=\"538\">2025-1-ES01-KA121-ADU-000328778<\/strong>, en el marco del programa <span class=\"hover:entity-accent entity-underline inline cursor-pointer align-baseline\"><span class=\"whitespace-normal\">Erasmus+<\/span><\/span>.<\/p>\n<div id=\"attachment_4907\" style=\"width: 1034px\" class=\"wp-caption aligncenter\"><img loading=\"lazy\" decoding=\"async\" aria-describedby=\"caption-attachment-4907\" class=\"wp-image-4907 size-large\" src=\"https:\/\/erasmus.eoiestepona.org\/wp-content\/uploads\/2026\/02\/IMG-20260224-WA0000-1024x479.jpg\" alt=\"\" width=\"1024\" height=\"479\" srcset=\"https:\/\/erasmus.eoiestepona.org\/wp-content\/uploads\/2026\/02\/IMG-20260224-WA0000-1024x479.jpg 1024w, https:\/\/erasmus.eoiestepona.org\/wp-content\/uploads\/2026\/02\/IMG-20260224-WA0000-300x140.jpg 300w, https:\/\/erasmus.eoiestepona.org\/wp-content\/uploads\/2026\/02\/IMG-20260224-WA0000-768x360.jpg 768w, https:\/\/erasmus.eoiestepona.org\/wp-content\/uploads\/2026\/02\/IMG-20260224-WA0000-1536x719.jpg 1536w, https:\/\/erasmus.eoiestepona.org\/wp-content\/uploads\/2026\/02\/IMG-20260224-WA0000.jpg 1600w\" sizes=\"auto, (max-width: 1024px) 100vw, 1024px\" \/><p id=\"caption-attachment-4907\" class=\"wp-caption-text\">Bienvenida en la sede de Bergamo con la directora Fiorella Guiducci<\/p><\/div>\n<h3 data-start=\"1391\" data-end=\"1478\">Movilidad de docencia: formaci\u00f3n en Inteligencia Artificial aplicada a la ense\u00f1anza<\/h3>\n<p data-start=\"1480\" data-end=\"1699\">Paralelamente, el profesor Juan Ortiz est\u00e1 desarrollando una intensa agenda formativa dirigida al profesorado del CPIA 1, tanto en modalidad presencial como online, conectando con docentes de distintas sedes del centro.<\/p>\n<p data-start=\"1701\" data-end=\"1875\">Los talleres se centran en la <strong data-start=\"1731\" data-end=\"1849\">aplicaci\u00f3n pr\u00e1ctica de la Inteligencia Artificial en la ense\u00f1anza de idiomas y en la educaci\u00f3n de personas adultas<\/strong>, abordando aspectos como:<\/p>\n<h4 data-start=\"1877\" data-end=\"1933\">\ud83e\udd16 1. Fundamentos de la IA en el \u00e1mbito educativo<\/h4>\n<ul data-start=\"1934\" data-end=\"2122\">\n<li data-start=\"1934\" data-end=\"2011\">\n<p data-start=\"1936\" data-end=\"2011\">Qu\u00e9 es la inteligencia artificial y c\u00f3mo est\u00e1 transformando la educaci\u00f3n.<\/p>\n<\/li>\n<li data-start=\"2012\" data-end=\"2070\">\n<p data-start=\"2014\" data-end=\"2070\">Uso \u00e9tico y responsable de herramientas basadas en IA.<\/p>\n<\/li>\n<li data-start=\"2071\" data-end=\"2122\">\n<p data-start=\"2073\" data-end=\"2122\">Oportunidades y riesgos en el contexto educativo.<\/p>\n<\/li>\n<\/ul>\n<h4 data-start=\"2124\" data-end=\"2183\">\ud83d\udee0 2. Herramientas basadas en IA para el profesorado<\/h4>\n<ul data-start=\"2184\" data-end=\"2475\">\n<li data-start=\"2184\" data-end=\"2254\">\n<p data-start=\"2186\" data-end=\"2254\">Generaci\u00f3n de materiales did\u00e1cticos adaptados a distintos niveles.<\/p>\n<\/li>\n<li data-start=\"2255\" data-end=\"2331\">\n<p data-start=\"2257\" data-end=\"2331\">Creaci\u00f3n de actividades comunicativas, r\u00fabricas y pruebas de evaluaci\u00f3n.<\/p>\n<\/li>\n<li data-start=\"2332\" data-end=\"2388\">\n<p data-start=\"2334\" data-end=\"2388\">Dise\u00f1o de situaciones de aprendizaje personalizadas.<\/p>\n<\/li>\n<li data-start=\"2389\" data-end=\"2475\">\n<p data-start=\"2391\" data-end=\"2475\">Apoyo a la atenci\u00f3n a la diversidad mediante la diferenciaci\u00f3n autom\u00e1tica de tareas.<\/p>\n<\/li>\n<\/ul>\n<h4 data-start=\"2477\" data-end=\"2523\">\ud83c\udfaf 3. Aplicaciones pr\u00e1cticas en el aula<\/h4>\n<ul data-start=\"2524\" data-end=\"2863\">\n<li data-start=\"2524\" data-end=\"2610\">\n<p data-start=\"2526\" data-end=\"2610\">Uso de asistentes conversacionales para desarrollar la competencia oral y escrita.<\/p>\n<\/li>\n<li data-start=\"2611\" data-end=\"2660\">\n<p data-start=\"2613\" data-end=\"2660\">Creaci\u00f3n de simulaciones y role-plays con IA.<\/p>\n<\/li>\n<li data-start=\"2661\" data-end=\"2757\">\n<p data-start=\"2663\" data-end=\"2757\">Elaboraci\u00f3n de proyectos interdisciplinares apoyados en herramientas digitales inteligentes.<\/p>\n<\/li>\n<li data-start=\"2758\" data-end=\"2863\">\n<p data-start=\"2760\" data-end=\"2863\">Estrategias para fomentar el pensamiento cr\u00edtico del alumnado frente a los contenidos generados por IA.<\/p>\n<\/li>\n<\/ul>\n<h2 style=\"text-align: center;\">Materiales de los talleres impartidos<\/h2>\n<h2><span class=\"a_GcMg font-feature-liga-off font-feature-clig-off font-feature-calt-off text-decoration-none text-strikethrough-none\">L\u2019Intelligenza Artificiale nell\u2019Insegnamento<\/span><\/h2>\n<div style=\"position: relative; width: 100%; height: 0; padding-top: 56.2500%; padding-bottom: 0; box-shadow: 0 2px 8px 0 rgba(63,69,81,0.16); margin-top: 1.6em; margin-bottom: 0.9em; overflow: hidden; border-radius: 8px; will-change: transform;\"><iframe style=\"position: absolute; width: 100%; height: 100%; top: 0; left: 0; border: none; padding: 0; margin: 0;\" src=\"https:\/\/www.canva.com\/design\/DAHBZbD4Wq8\/nOqYWRjQVznCM4myx_EL5A\/view?embed\" allowfullscreen=\"allowfullscreen\"><br \/>\n<\/iframe><\/div>\n<p><a href=\"https:\/\/www.canva.com\/design\/DAHBZbD4Wq8\/nOqYWRjQVznCM4myx_EL5A\/view?utm_content=DAHBZbD4Wq8&amp;utm_campaign=designshare&amp;utm_medium=embeds&amp;utm_source=link\" target=\"_blank\" rel=\"noopener\">GENERATIVE ARTIFICIAL INTELLIGENCE CPIA1 BERGAMO<\/a> de JUAN ANTONIO ORTIZ CANTOS<\/p>\n<p>&nbsp;<\/p>\n<h2>Creazione di Kahoot con IA<\/h2>\n<div style=\"position: relative; width: 100%; height: 0; padding-top: 56.2500%; padding-bottom: 0; box-shadow: 0 2px 8px 0 rgba(63,69,81,0.16); margin-top: 1.6em; margin-bottom: 0.9em; overflow: hidden; border-radius: 8px; will-change: transform;\"><iframe style=\"position: absolute; width: 100%; height: 100%; top: 0; left: 0; border: none; padding: 0; margin: 0;\" src=\"https:\/\/www.canva.com\/design\/DAHBU9u0Lko\/6_ocrbD0L2hW_c3IHcsRvw\/view?embed\" allowfullscreen=\"allowfullscreen\"><br \/>\n<\/iframe><\/div>\n<p><a href=\"https:\/\/www.canva.com\/design\/DAHBU9u0Lko\/6_ocrbD0L2hW_c3IHcsRvw\/view?utm_content=DAHBU9u0Lko&amp;utm_campaign=designshare&amp;utm_medium=embeds&amp;utm_source=link\" target=\"_blank\" rel=\"noopener\">Presentation &#8211; Kahoot Quiz Creation (Italiano)<\/a> de JUAN ANTONIO ORTIZ CANTOS<\/p>\n<p>&nbsp;<\/p>\n<h3><span class=\"a_GcMg font-feature-liga-off font-feature-clig-off font-feature-calt-off text-decoration-none text-strikethrough-none\">Intelligenza artificiale per l&#8217;insegnamento delle lingue: creazione e utilizzo di immagini in classe<\/span><\/h3>\n<h3 style=\"position: relative; width: 100%; height: 0; padding-top: 56.2500%; padding-bottom: 0; box-shadow: 0 2px 8px 0 rgba(63,69,81,0.16); margin-top: 1.6em; margin-bottom: 0.9em; overflow: hidden; border-radius: 8px; will-change: transform;\"><iframe style=\"position: absolute; width: 100%; height: 100%; top: 0; left: 0; border: none; padding: 0; margin: 0;\" src=\"https:\/\/www.canva.com\/design\/DAHCLoP8H5Q\/p-5V2xanVSfJRYvChCFiVQ\/view?embed\" allowfullscreen=\"allowfullscreen\"><br \/>\n<\/iframe><\/h3>\n<p><a href=\"https:\/\/www.canva.com\/design\/DAHCLoP8H5Q\/p-5V2xanVSfJRYvChCFiVQ\/view?utm_content=DAHCLoP8H5Q&amp;utm_campaign=designshare&amp;utm_medium=embeds&amp;utm_source=link\" target=\"_blank\" rel=\"noopener\">Images_IA (Italiano)<\/a> de JUAN ANTONIO ORTIZ CANTOS<\/p>\n<p>&nbsp;<\/p>\n<p>Adem\u00e1s de la formaci\u00f3n t\u00e9cnica, la movilidad est\u00e1 sirviendo para intercambiar buenas pr\u00e1cticas sobre digitalizaci\u00f3n, innovaci\u00f3n metodol\u00f3gica y proyectos europeos, fortaleciendo los lazos entre ambas instituciones.<\/p>\n\n\t\t<style type=\"text\/css\">\n\t\t\t#gallery-1 {\n\t\t\t\tmargin: auto;\n\t\t\t}\n\t\t\t#gallery-1 .gallery-item {\n\t\t\t\tfloat: left;\n\t\t\t\tmargin-top: 10px;\n\t\t\t\ttext-align: center;\n\t\t\t\twidth: 20%;\n\t\t\t}\n\t\t\t#gallery-1 img {\n\t\t\t\tborder: 2px solid #cfcfcf;\n\t\t\t}\n\t\t\t#gallery-1 .gallery-caption {\n\t\t\t\tmargin-left: 0;\n\t\t\t}\n\t\t\t\/* see gallery_shortcode() in wp-includes\/media.php *\/\n\t\t<\/style>\n\t\t<div id='gallery-1' class='gallery galleryid-4890 gallery-columns-5 gallery-size-full'><dl class='gallery-item'>\n\t\t\t<dt class='gallery-icon landscape'>\n\t\t\t\t<a href='https:\/\/erasmus.eoiestepona.org\/?attachment_id=4899'><img loading=\"lazy\" decoding=\"async\" width=\"1024\" height=\"768\" src=\"https:\/\/erasmus.eoiestepona.org\/wp-content\/uploads\/2026\/02\/20260224_094008.jpg\" class=\"attachment-full size-full\" alt=\"\" aria-describedby=\"gallery-1-4899\" srcset=\"https:\/\/erasmus.eoiestepona.org\/wp-content\/uploads\/2026\/02\/20260224_094008.jpg 1024w, https:\/\/erasmus.eoiestepona.org\/wp-content\/uploads\/2026\/02\/20260224_094008-300x225.jpg 300w, https:\/\/erasmus.eoiestepona.org\/wp-content\/uploads\/2026\/02\/20260224_094008-768x576.jpg 768w\" sizes=\"auto, (max-width: 1024px) 100vw, 1024px\" \/><\/a>\n\t\t\t<\/dt>\n\t\t\t\t<dd class='wp-caption-text gallery-caption' id='gallery-1-4899'>\n\t\t\t\tSede principal de CPIA 1 Bergamo\n\t\t\t\t<\/dd><\/dl><dl class='gallery-item'>\n\t\t\t<dt class='gallery-icon landscape'>\n\t\t\t\t<a href='https:\/\/erasmus.eoiestepona.org\/?attachment_id=5035'><img loading=\"lazy\" decoding=\"async\" width=\"2560\" height=\"1920\" src=\"https:\/\/erasmus.eoiestepona.org\/wp-content\/uploads\/2026\/02\/20260225_175020-scaled.jpg\" class=\"attachment-full size-full\" alt=\"\" srcset=\"https:\/\/erasmus.eoiestepona.org\/wp-content\/uploads\/2026\/02\/20260225_175020-scaled.jpg 2560w, https:\/\/erasmus.eoiestepona.org\/wp-content\/uploads\/2026\/02\/20260225_175020-300x225.jpg 300w, https:\/\/erasmus.eoiestepona.org\/wp-content\/uploads\/2026\/02\/20260225_175020-1024x768.jpg 1024w, https:\/\/erasmus.eoiestepona.org\/wp-content\/uploads\/2026\/02\/20260225_175020-768x576.jpg 768w, https:\/\/erasmus.eoiestepona.org\/wp-content\/uploads\/2026\/02\/20260225_175020-1536x1152.jpg 1536w, https:\/\/erasmus.eoiestepona.org\/wp-content\/uploads\/2026\/02\/20260225_175020-2048x1536.jpg 2048w\" sizes=\"auto, (max-width: 2560px) 100vw, 2560px\" \/><\/a>\n\t\t\t<\/dt><\/dl><dl class='gallery-item'>\n\t\t\t<dt class='gallery-icon landscape'>\n\t\t\t\t<a href='https:\/\/erasmus.eoiestepona.org\/?attachment_id=5036'><img loading=\"lazy\" decoding=\"async\" width=\"2560\" height=\"1920\" src=\"https:\/\/erasmus.eoiestepona.org\/wp-content\/uploads\/2026\/02\/20260225_175053-scaled.jpg\" class=\"attachment-full size-full\" alt=\"\" srcset=\"https:\/\/erasmus.eoiestepona.org\/wp-content\/uploads\/2026\/02\/20260225_175053-scaled.jpg 2560w, https:\/\/erasmus.eoiestepona.org\/wp-content\/uploads\/2026\/02\/20260225_175053-300x225.jpg 300w, https:\/\/erasmus.eoiestepona.org\/wp-content\/uploads\/2026\/02\/20260225_175053-1024x768.jpg 1024w, https:\/\/erasmus.eoiestepona.org\/wp-content\/uploads\/2026\/02\/20260225_175053-768x576.jpg 768w, https:\/\/erasmus.eoiestepona.org\/wp-content\/uploads\/2026\/02\/20260225_175053-1536x1152.jpg 1536w, https:\/\/erasmus.eoiestepona.org\/wp-content\/uploads\/2026\/02\/20260225_175053-2048x1536.jpg 2048w\" sizes=\"auto, (max-width: 2560px) 100vw, 2560px\" \/><\/a>\n\t\t\t<\/dt><\/dl><dl class='gallery-item'>\n\t\t\t<dt class='gallery-icon landscape'>\n\t\t\t\t<a href='https:\/\/erasmus.eoiestepona.org\/?attachment_id=5037'><img loading=\"lazy\" decoding=\"async\" width=\"1184\" height=\"864\" src=\"https:\/\/erasmus.eoiestepona.org\/wp-content\/uploads\/2026\/02\/1772082668733.png\" class=\"attachment-full size-full\" alt=\"\" srcset=\"https:\/\/erasmus.eoiestepona.org\/wp-content\/uploads\/2026\/02\/1772082668733.png 1184w, https:\/\/erasmus.eoiestepona.org\/wp-content\/uploads\/2026\/02\/1772082668733-300x219.png 300w, https:\/\/erasmus.eoiestepona.org\/wp-content\/uploads\/2026\/02\/1772082668733-1024x747.png 1024w, https:\/\/erasmus.eoiestepona.org\/wp-content\/uploads\/2026\/02\/1772082668733-768x560.png 768w\" sizes=\"auto, (max-width: 1184px) 100vw, 1184px\" \/><\/a>\n\t\t\t<\/dt><\/dl><dl class='gallery-item'>\n\t\t\t<dt class='gallery-icon landscape'>\n\t\t\t\t<a href='https:\/\/erasmus.eoiestepona.org\/?attachment_id=4902'><img loading=\"lazy\" decoding=\"async\" width=\"768\" height=\"560\" src=\"https:\/\/erasmus.eoiestepona.org\/wp-content\/uploads\/2026\/02\/20260225_155325-rotated-e1772034843878.jpg\" class=\"attachment-full size-full\" alt=\"\" aria-describedby=\"gallery-1-4902\" srcset=\"https:\/\/erasmus.eoiestepona.org\/wp-content\/uploads\/2026\/02\/20260225_155325-rotated-e1772034843878.jpg 768w, https:\/\/erasmus.eoiestepona.org\/wp-content\/uploads\/2026\/02\/20260225_155325-rotated-e1772034843878-300x219.jpg 300w\" sizes=\"auto, (max-width: 768px) 100vw, 768px\" \/><\/a>\n\t\t\t<\/dt>\n\t\t\t\t<dd class='wp-caption-text gallery-caption' id='gallery-1-4902'>\n\t\t\t\tSede Costa Volpino\n\t\t\t\t<\/dd><\/dl><br style=\"clear: both\" \/>\n\t\t<\/div>\n\n<p>&nbsp;<\/p>\n<h3 data-start=\"3144\" data-end=\"3198\">Un proyecto que impulsa la modernizaci\u00f3n educativa<\/h3>\n<p data-start=\"3200\" data-end=\"3294\">Esta movilidad se enmarca dentro de nuestra acreditaci\u00f3n Erasmus+, que apuesta firmemente por:<\/p>\n<ul data-start=\"3296\" data-end=\"3533\">\n<li data-start=\"3296\" data-end=\"3347\">\n<p data-start=\"3298\" data-end=\"3347\">La <strong data-start=\"3301\" data-end=\"3325\">internacionalizaci\u00f3n<\/strong> de la EOI Estepona.<\/p>\n<\/li>\n<li data-start=\"3348\" data-end=\"3393\">\n<p data-start=\"3350\" data-end=\"3393\">La <strong data-start=\"3353\" data-end=\"3379\">transformaci\u00f3n digital<\/strong> del centro.<\/p>\n<\/li>\n<li data-start=\"3394\" data-end=\"3467\">\n<p data-start=\"3396\" data-end=\"3467\">La mejora continua de la <strong data-start=\"3421\" data-end=\"3464\">competencia profesional del profesorado<\/strong>.<\/p>\n<\/li>\n<li data-start=\"3468\" data-end=\"3533\">\n<p data-start=\"3470\" data-end=\"3533\">El desarrollo de competencias clave en nuestro alumnado adulto.<\/p>\n<\/li>\n<\/ul>\n<p>&nbsp;<\/p>\n<p data-start=\"3535\" data-end=\"3777\">La combinaci\u00f3n de movilidad de estudiantes y movilidad de docencia refuerza el impacto del proyecto, generando una experiencia integral que beneficia tanto al alumnado como al profesorado y consolida una red europea de colaboraci\u00f3n educativa.<\/p>\n<p data-start=\"3779\" data-end=\"3885\" data-is-last-node=\"\" data-is-only-node=\"\">Desde la EOI Estepona seguimos apostando por una educaci\u00f3n abierta, innovadora y conectada con Europa.<\/p>\n<p data-start=\"3779\" data-end=\"3885\" data-is-last-node=\"\" data-is-only-node=\"\"><img loading=\"lazy\" decoding=\"async\" class=\"size-large wp-image-4947 aligncenter\" src=\"https:\/\/erasmus.eoiestepona.org\/wp-content\/uploads\/2026\/02\/cpia1taller-819x1024.jpg\" alt=\"\" width=\"819\" height=\"1024\" srcset=\"https:\/\/erasmus.eoiestepona.org\/wp-content\/uploads\/2026\/02\/cpia1taller-819x1024.jpg 819w, https:\/\/erasmus.eoiestepona.org\/wp-content\/uploads\/2026\/02\/cpia1taller-240x300.jpg 240w, https:\/\/erasmus.eoiestepona.org\/wp-content\/uploads\/2026\/02\/cpia1taller-768x960.jpg 768w, https:\/\/erasmus.eoiestepona.org\/wp-content\/uploads\/2026\/02\/cpia1taller.jpg 1080w\" sizes=\"auto, (max-width: 819px) 100vw, 819px\" \/><\/p>\n<p data-start=\"3779\" data-end=\"3885\" data-is-last-node=\"\" data-is-only-node=\"\"><img loading=\"lazy\" decoding=\"async\" class=\"alignright wp-image-4901 size-medium\" src=\"https:\/\/erasmus.eoiestepona.org\/wp-content\/uploads\/2026\/02\/20260225_093343-300x225.jpg\" alt=\"\" width=\"300\" height=\"225\" srcset=\"https:\/\/erasmus.eoiestepona.org\/wp-content\/uploads\/2026\/02\/20260225_093343-300x225.jpg 300w, https:\/\/erasmus.eoiestepona.org\/wp-content\/uploads\/2026\/02\/20260225_093343-768x576.jpg 768w, https:\/\/erasmus.eoiestepona.org\/wp-content\/uploads\/2026\/02\/20260225_093343.jpg 1024w\" sizes=\"auto, (max-width: 300px) 100vw, 300px\" \/><\/p>\n<p data-start=\"3779\" data-end=\"3885\" data-is-last-node=\"\" data-is-only-node=\"\">Mi estancia se desarroll\u00f3 en <strong data-start=\"113\" data-end=\"154\"><span class=\"hover:entity-accent entity-underline inline cursor-pointer align-baseline\"><span class=\"whitespace-normal\">Costa Volpino<\/span><\/span><\/strong>, <strong data-start=\"156\" data-end=\"197\"><span class=\"hover:entity-accent entity-underline inline cursor-pointer align-baseline\"><span class=\"whitespace-normal\">Lovere<\/span><\/span><\/strong> y <strong data-start=\"200\" data-end=\"241\"><span class=\"hover:entity-accent entity-underline inline cursor-pointer align-baseline\"><span class=\"whitespace-normal\">Castro<\/span><\/span><\/strong>, durante mi <strong data-start=\"254\" data-end=\"276\">movilidad Erasmus+<\/strong>. Estos lugares se encuentran a orillas del <strong data-start=\"320\" data-end=\"336\">Lago de Iseo<\/strong>, en un entorno natural caracterizado por monta\u00f1as y paisajes de gran belleza.<br data-start=\"414\" data-end=\"417\" \/>Costa Volpino es una localidad tranquila, ideal para pasear junto al lago y disfrutar de la naturaleza. Lovere destaca por su elegante casco hist\u00f3rico y sus edificios con vistas al agua, y est\u00e1 considerado uno de los pueblos m\u00e1s bonitos de Italia. Por su parte, Castro ofrece una atm\u00f3sfera m\u00e1s recogida, con casas de piedra y panor\u00e1micas sugestivas sobre el lago y las monta\u00f1as. Este contexto contribuy\u00f3 de manera significativa al enriquecimiento de mi experiencia personal y profesional durante la movilidad.<\/p>\n\n\t\t<style type=\"text\/css\">\n\t\t\t#gallery-2 {\n\t\t\t\tmargin: auto;\n\t\t\t}\n\t\t\t#gallery-2 .gallery-item {\n\t\t\t\tfloat: left;\n\t\t\t\tmargin-top: 10px;\n\t\t\t\ttext-align: center;\n\t\t\t\twidth: 16%;\n\t\t\t}\n\t\t\t#gallery-2 img {\n\t\t\t\tborder: 2px solid #cfcfcf;\n\t\t\t}\n\t\t\t#gallery-2 .gallery-caption {\n\t\t\t\tmargin-left: 0;\n\t\t\t}\n\t\t\t\/* see gallery_shortcode() in wp-includes\/media.php *\/\n\t\t<\/style>\n\t\t<div id='gallery-2' class='gallery galleryid-4890 gallery-columns-6 gallery-size-large'><dl class='gallery-item'>\n\t\t\t<dt class='gallery-icon portrait'>\n\t\t\t\t<a href='https:\/\/erasmus.eoiestepona.org\/?attachment_id=4942'><img loading=\"lazy\" decoding=\"async\" width=\"768\" height=\"1024\" src=\"https:\/\/erasmus.eoiestepona.org\/wp-content\/uploads\/2026\/02\/WhatsApp-Image-2026-02-25-at-17.30.47-768x1024.jpeg\" class=\"attachment-large size-large\" alt=\"\" srcset=\"https:\/\/erasmus.eoiestepona.org\/wp-content\/uploads\/2026\/02\/WhatsApp-Image-2026-02-25-at-17.30.47-768x1024.jpeg 768w, https:\/\/erasmus.eoiestepona.org\/wp-content\/uploads\/2026\/02\/WhatsApp-Image-2026-02-25-at-17.30.47-225x300.jpeg 225w, https:\/\/erasmus.eoiestepona.org\/wp-content\/uploads\/2026\/02\/WhatsApp-Image-2026-02-25-at-17.30.47-1152x1536.jpeg 1152w, https:\/\/erasmus.eoiestepona.org\/wp-content\/uploads\/2026\/02\/WhatsApp-Image-2026-02-25-at-17.30.47-e1772288312214.jpeg 600w\" sizes=\"auto, (max-width: 768px) 100vw, 768px\" \/><\/a>\n\t\t\t<\/dt><\/dl><dl class='gallery-item'>\n\t\t\t<dt class='gallery-icon landscape'>\n\t\t\t\t<a href='https:\/\/erasmus.eoiestepona.org\/?attachment_id=4941'><img loading=\"lazy\" decoding=\"async\" width=\"1024\" height=\"768\" src=\"https:\/\/erasmus.eoiestepona.org\/wp-content\/uploads\/2026\/02\/WhatsApp-Image-2026-02-25-at-17.30.47-1-1024x768.jpeg\" class=\"attachment-large size-large\" alt=\"\" srcset=\"https:\/\/erasmus.eoiestepona.org\/wp-content\/uploads\/2026\/02\/WhatsApp-Image-2026-02-25-at-17.30.47-1-1024x768.jpeg 1024w, https:\/\/erasmus.eoiestepona.org\/wp-content\/uploads\/2026\/02\/WhatsApp-Image-2026-02-25-at-17.30.47-1-300x225.jpeg 300w, https:\/\/erasmus.eoiestepona.org\/wp-content\/uploads\/2026\/02\/WhatsApp-Image-2026-02-25-at-17.30.47-1-768x576.jpeg 768w, https:\/\/erasmus.eoiestepona.org\/wp-content\/uploads\/2026\/02\/WhatsApp-Image-2026-02-25-at-17.30.47-1-1536x1152.jpeg 1536w, https:\/\/erasmus.eoiestepona.org\/wp-content\/uploads\/2026\/02\/WhatsApp-Image-2026-02-25-at-17.30.47-1.jpeg 1600w\" sizes=\"auto, (max-width: 1024px) 100vw, 1024px\" \/><\/a>\n\t\t\t<\/dt><\/dl><dl class='gallery-item'>\n\t\t\t<dt class='gallery-icon landscape'>\n\t\t\t\t<a href='https:\/\/erasmus.eoiestepona.org\/?attachment_id=4943'><img loading=\"lazy\" decoding=\"async\" width=\"1024\" height=\"768\" src=\"https:\/\/erasmus.eoiestepona.org\/wp-content\/uploads\/2026\/02\/WhatsApp-Image-2026-02-25-at-17.30.48-1024x768.jpeg\" class=\"attachment-large size-large\" alt=\"\" srcset=\"https:\/\/erasmus.eoiestepona.org\/wp-content\/uploads\/2026\/02\/WhatsApp-Image-2026-02-25-at-17.30.48-1024x768.jpeg 1024w, https:\/\/erasmus.eoiestepona.org\/wp-content\/uploads\/2026\/02\/WhatsApp-Image-2026-02-25-at-17.30.48-300x225.jpeg 300w, https:\/\/erasmus.eoiestepona.org\/wp-content\/uploads\/2026\/02\/WhatsApp-Image-2026-02-25-at-17.30.48-768x576.jpeg 768w, https:\/\/erasmus.eoiestepona.org\/wp-content\/uploads\/2026\/02\/WhatsApp-Image-2026-02-25-at-17.30.48-1536x1152.jpeg 1536w, https:\/\/erasmus.eoiestepona.org\/wp-content\/uploads\/2026\/02\/WhatsApp-Image-2026-02-25-at-17.30.48.jpeg 1600w\" sizes=\"auto, (max-width: 1024px) 100vw, 1024px\" \/><\/a>\n\t\t\t<\/dt><\/dl><dl class='gallery-item'>\n\t\t\t<dt class='gallery-icon landscape'>\n\t\t\t\t<a href='https:\/\/erasmus.eoiestepona.org\/?attachment_id=5039'><img loading=\"lazy\" decoding=\"async\" width=\"1024\" height=\"768\" src=\"https:\/\/erasmus.eoiestepona.org\/wp-content\/uploads\/2026\/02\/IMG-20260223-WA0090-1024x768.jpg\" class=\"attachment-large size-large\" alt=\"\" srcset=\"https:\/\/erasmus.eoiestepona.org\/wp-content\/uploads\/2026\/02\/IMG-20260223-WA0090-1024x768.jpg 1024w, https:\/\/erasmus.eoiestepona.org\/wp-content\/uploads\/2026\/02\/IMG-20260223-WA0090-300x225.jpg 300w, https:\/\/erasmus.eoiestepona.org\/wp-content\/uploads\/2026\/02\/IMG-20260223-WA0090-768x576.jpg 768w, https:\/\/erasmus.eoiestepona.org\/wp-content\/uploads\/2026\/02\/IMG-20260223-WA0090.jpg 1280w\" sizes=\"auto, (max-width: 1024px) 100vw, 1024px\" \/><\/a>\n\t\t\t<\/dt><\/dl><dl class='gallery-item'>\n\t\t\t<dt class='gallery-icon landscape'>\n\t\t\t\t<a href='https:\/\/erasmus.eoiestepona.org\/?attachment_id=5040'><img loading=\"lazy\" decoding=\"async\" width=\"1024\" height=\"768\" src=\"https:\/\/erasmus.eoiestepona.org\/wp-content\/uploads\/2026\/02\/IMG-20260223-WA0092-1024x768.jpg\" class=\"attachment-large size-large\" alt=\"\" srcset=\"https:\/\/erasmus.eoiestepona.org\/wp-content\/uploads\/2026\/02\/IMG-20260223-WA0092-1024x768.jpg 1024w, https:\/\/erasmus.eoiestepona.org\/wp-content\/uploads\/2026\/02\/IMG-20260223-WA0092-300x225.jpg 300w, https:\/\/erasmus.eoiestepona.org\/wp-content\/uploads\/2026\/02\/IMG-20260223-WA0092-768x576.jpg 768w, https:\/\/erasmus.eoiestepona.org\/wp-content\/uploads\/2026\/02\/IMG-20260223-WA0092.jpg 1280w\" sizes=\"auto, (max-width: 1024px) 100vw, 1024px\" \/><\/a>\n\t\t\t<\/dt><\/dl><dl class='gallery-item'>\n\t\t\t<dt class='gallery-icon landscape'>\n\t\t\t\t<a href='https:\/\/erasmus.eoiestepona.org\/?attachment_id=5041'><img loading=\"lazy\" decoding=\"async\" width=\"1024\" height=\"768\" src=\"https:\/\/erasmus.eoiestepona.org\/wp-content\/uploads\/2026\/02\/IMG-20260223-WA0145-1024x768.jpg\" class=\"attachment-large size-large\" alt=\"\" srcset=\"https:\/\/erasmus.eoiestepona.org\/wp-content\/uploads\/2026\/02\/IMG-20260223-WA0145-1024x768.jpg 1024w, https:\/\/erasmus.eoiestepona.org\/wp-content\/uploads\/2026\/02\/IMG-20260223-WA0145-300x225.jpg 300w, https:\/\/erasmus.eoiestepona.org\/wp-content\/uploads\/2026\/02\/IMG-20260223-WA0145-768x576.jpg 768w, https:\/\/erasmus.eoiestepona.org\/wp-content\/uploads\/2026\/02\/IMG-20260223-WA0145-1536x1152.jpg 1536w, https:\/\/erasmus.eoiestepona.org\/wp-content\/uploads\/2026\/02\/IMG-20260223-WA0145.jpg 1600w\" sizes=\"auto, (max-width: 1024px) 100vw, 1024px\" \/><\/a>\n\t\t\t<\/dt><\/dl><br style=\"clear: both\" \/>\n\t\t<\/div>\n\n","protected":false},"excerpt":{"rendered":"<p>Del 23 al 26 de febrero de 2026, el docente Juan Ortiz, director de la Escuela Oficial de Idiomas Estepona, se encuentra realizando una movilidad de docencia en el CPIA 1 de B\u00e9rgamo (Italia), acompa\u00f1ado por un grupo de estudiantes de nuestro centro que participan en una movilidad de grupo dentro del proyecto acreditado 2025-1-ES01-KA121-ADU-000328778, [&hellip;]<\/p>\n","protected":false},"author":1,"featured_media":0,"parent":0,"menu_order":0,"comment_status":"closed","ping_status":"closed","template":"","meta":{"footnotes":""},"class_list":["post-4890","page","type-page","status-publish","hentry"],"_links":{"self":[{"href":"https:\/\/erasmus.eoiestepona.org\/index.php?rest_route=\/wp\/v2\/pages\/4890","targetHints":{"allow":["GET"]}}],"collection":[{"href":"https:\/\/erasmus.eoiestepona.org\/index.php?rest_route=\/wp\/v2\/pages"}],"about":[{"href":"https:\/\/erasmus.eoiestepona.org\/index.php?rest_route=\/wp\/v2\/types\/page"}],"author":[{"embeddable":true,"href":"https:\/\/erasmus.eoiestepona.org\/index.php?rest_route=\/wp\/v2\/users\/1"}],"replies":[{"embeddable":true,"href":"https:\/\/erasmus.eoiestepona.org\/index.php?rest_route=%2Fwp%2Fv2%2Fcomments&post=4890"}],"version-history":[{"count":13,"href":"https:\/\/erasmus.eoiestepona.org\/index.php?rest_route=\/wp\/v2\/pages\/4890\/revisions"}],"predecessor-version":[{"id":5043,"href":"https:\/\/erasmus.eoiestepona.org\/index.php?rest_route=\/wp\/v2\/pages\/4890\/revisions\/5043"}],"wp:attachment":[{"href":"https:\/\/erasmus.eoiestepona.org\/index.php?rest_route=%2Fwp%2Fv2%2Fmedia&parent=4890"}],"curies":[{"name":"wp","href":"https:\/\/api.w.org\/{rel}","templated":true}]}}