{"id":69,"date":"2022-05-25T10:54:37","date_gmt":"2022-05-25T10:54:37","guid":{"rendered":"https:\/\/erasmus.eoiestepona.org\/?page_id=69"},"modified":"2022-11-23T12:23:01","modified_gmt":"2022-11-23T10:23:01","slug":"ka121-2021","status":"publish","type":"page","link":"https:\/\/erasmus.eoiestepona.org\/?page_id=69","title":{"rendered":"KA121 &#8211; 2021"},"content":{"rendered":"<p>La Escuela Oficial de Idiomas de Estepona ha sido seleccionada por su propuesta para un proyecto de la Acci\u00f3n Clave 1 &#8211; Movilidad educativa de las personas.<\/p>\n<p>El proyecto Acreditado 2021-1-ES01-KA121-ADU-000009064 tiene una duraci\u00f3n de 15 meses y una subvenci\u00f3n de un importe m\u00e1ximo de 7859,00 \u20ac.\u00a0 El objetivo de este proyecto es la visita de centros europeos similares al nuestro as\u00ed como la formaci\u00f3n del profesorado.<\/p>\n<p>Dejamos aqu\u00ed el listado de movilidades realizadas en el proyecto y los materiales e informaci\u00f3n recopilados en su realizaci\u00f3n:<\/p>\n<ul>\n<li>Formaci\u00f3n: <a href=\"https:\/\/eoiestepona.wixsite.com\/learnbydoing\" target=\"_blank\" rel=\"noopener\">Empowerment in ICT Skills<\/a>, curso realizado en ETI, Malta del 28 de febrero al 4 de marzo de 2022 por el profesor Juan A. Ortiz Cantos.<\/li>\n<li>Formaci\u00f3n: <a href=\"https:\/\/eoiestepona.wixsite.com\/learnbydoing\/spice-up\" target=\"_blank\" rel=\"noopener\">Spice Up Your Teaching &#8211; Methodology in Practice Today<\/a>, curso realizado en ETI, Malta del 28 de febrero al 4 de marzo de 2022 por la profesora Ana M\u00aa Flores Ramos.<\/li>\n<li>Jobshadowing: <a href=\"https:\/\/erasmus.eoiestepona.org\/?page_id=335\">CPIA 10 Formia<\/a>, del 27 al 29 de abril de 2022 en Formia, Italia, realizada por el profesor Juan A. Ortiz Cantos<\/li>\n<li>Jobshadowing:\u00a0 <a href=\"https:\/\/erasmus.eoiestepona.org\/?page_id=611\">\u041f\u041f\u041c\u0413 \u201e\u0410\u043a\u0430\u0434. \u043f\u0440\u043e\u0444. \u0434-\u0440 \u0410\u0441\u0435\u043d \u0417\u043b\u0430\u0442\u0430\u0440\u043e\u0432\u201d<\/a> (Specialized Secondary school of Natural Sciences and Maths \u00bb Acad. Prof. Dr.Asen Zlatarov\u00bb) de la ciudad de Botevgrad en Bulgar\u00eda entre el 19 y el 22 de septiembre de 2022, realizada por el profesor Juan A. Ortiz Cantos.<\/li>\n<\/ul>\n","protected":false},"excerpt":{"rendered":"<p>La Escuela Oficial de Idiomas de Estepona ha sido seleccionada por su propuesta para un proyecto de la Acci\u00f3n Clave 1 &#8211; Movilidad educativa de las personas. El proyecto Acreditado 2021-1-ES01-KA121-ADU-000009064 tiene una duraci\u00f3n de 15 meses y una subvenci\u00f3n de un importe m\u00e1ximo de 7859,00 \u20ac.\u00a0 El objetivo de este proyecto es la visita [&hellip;]<\/p>\n","protected":false},"author":1,"featured_media":0,"parent":0,"menu_order":0,"comment_status":"closed","ping_status":"closed","template":"","meta":{"footnotes":""},"class_list":["post-69","page","type-page","status-publish","hentry"],"_links":{"self":[{"href":"https:\/\/erasmus.eoiestepona.org\/index.php?rest_route=\/wp\/v2\/pages\/69","targetHints":{"allow":["GET"]}}],"collection":[{"href":"https:\/\/erasmus.eoiestepona.org\/index.php?rest_route=\/wp\/v2\/pages"}],"about":[{"href":"https:\/\/erasmus.eoiestepona.org\/index.php?rest_route=\/wp\/v2\/types\/page"}],"author":[{"embeddable":true,"href":"https:\/\/erasmus.eoiestepona.org\/index.php?rest_route=\/wp\/v2\/users\/1"}],"replies":[{"embeddable":true,"href":"https:\/\/erasmus.eoiestepona.org\/index.php?rest_route=%2Fwp%2Fv2%2Fcomments&post=69"}],"version-history":[{"count":7,"href":"https:\/\/erasmus.eoiestepona.org\/index.php?rest_route=\/wp\/v2\/pages\/69\/revisions"}],"predecessor-version":[{"id":778,"href":"https:\/\/erasmus.eoiestepona.org\/index.php?rest_route=\/wp\/v2\/pages\/69\/revisions\/778"}],"wp:attachment":[{"href":"https:\/\/erasmus.eoiestepona.org\/index.php?rest_route=%2Fwp%2Fv2%2Fmedia&parent=69"}],"curies":[{"name":"wp","href":"https:\/\/api.w.org\/{rel}","templated":true}]}}