{"id":941,"date":"2023-02-04T21:37:25","date_gmt":"2023-02-04T19:37:25","guid":{"rendered":"https:\/\/erasmus.eoiestepona.org\/?page_id=941"},"modified":"2024-01-09T10:39:04","modified_gmt":"2024-01-09T08:39:04","slug":"formacion","status":"publish","type":"page","link":"https:\/\/erasmus.eoiestepona.org\/?page_id=941","title":{"rendered":"Formaci\u00f3n"},"content":{"rendered":"<div data-colibri-id=\"941-c1\" class=\"style-521 style-local-941-c1 position-relative\">\n  <!---->\n  <div data-colibri-component=\"section\" data-colibri-id=\"941-c2\" id=\"overlappable\" class=\"h-section h-section-global-spacing d-flex align-items-lg-center align-items-md-center align-items-center style-526 style-local-941-c2 position-relative\">\n    <!---->\n    <!---->\n    <div class=\"h-section-grid-container h-section-boxed-container\">\n      <!---->\n      <div data-colibri-id=\"941-c3\" class=\"h-row-container gutters-row-lg-2 gutters-row-md-0 gutters-row-2 gutters-row-v-lg-2 gutters-row-v-md-0 gutters-row-v-2 style-527 style-local-941-c3 position-relative\">\n        <!---->\n        <div class=\"h-row justify-content-lg-center justify-content-md-center justify-content-center align-items-lg-stretch align-items-md-stretch align-items-stretch gutters-col-lg-2 gutters-col-md-0 gutters-col-2 gutters-col-v-lg-2 gutters-col-v-md-0 gutters-col-v-2\">\n          <!---->\n          <div class=\"h-column h-column-container d-flex h-col-lg-6 h-col-md-6 h-col-12 style-528-outer style-local-941-c4-outer\">\n            <div data-colibri-id=\"941-c4\" class=\"d-flex h-flex-basis h-column__inner h-px-lg-2 h-px-md-3 h-px-2 v-inner-lg-0 v-inner-md-3 v-inner-2 style-528 style-local-941-c4 position-relative\">\n              <!---->\n              <!---->\n              <div class=\"w-100 h-y-container h-column__content h-column__v-align flex-basis-100 align-self-lg-start align-self-md-start align-self-start\">\n                <!---->\n                <div data-colibri-id=\"941-c5\" class=\"h-icon style-529 style-local-941-c5 position-relative h-element\">\n                  <!----><span class=\"h-svg-icon h-icon__icon style-529-icon style-local-941-c5-icon\"><!--Icon by Font Awesome (https:\/\/fontawesome.com)-->\n    <svg version=\"1.1\" xmlns=\"http:\/\/www.w3.org\/2000\/svg\" xmlns:xlink=\"http:\/\/www.w3.org\/1999\/xlink\" id=\"gears\" viewBox=\"0 0 1920 1896.0833\">\n      <path d=\"M896 896q0-106-75-181t-181-75-181 75-75 181 75 181 181 75 181-75 75-181zm768 512q0-52-38-90t-90-38-90 38-38 90q0 53 37.5 90.5t90.5 37.5 90.5-37.5 37.5-90.5zm0-1024q0-52-38-90t-90-38-90 38-38 90q0 53 37.5 90.5T1536 512t90.5-37.5T1664 384zm-384 421v185q0 10-7 19.5t-16 10.5l-155 24q-11 35-32 76 34 48 90 115 7 11 7 20 0 12-7 19-23 30-82.5 89.5T999 1423q-11 0-21-7l-115-90q-37 19-77 31-11 108-23 155-7 24-30 24H547q-11 0-20-7.5t-10-17.5l-23-153q-34-10-75-31l-118 89q-7 7-20 7-11 0-21-8-144-133-144-160 0-9 7-19 10-14 41-53t47-61q-23-44-35-82l-152-24q-10-1-17-9.5T0 987V802q0-10 7-19.5T23 772l155-24q11-35 32-76-34-48-90-115-7-11-7-20 0-12 7-20 22-30 82-89t79-59q11 0 21 7l115 90q34-18 77-32 11-108 23-154 7-24 30-24h186q11 0 20 7.5t10 17.5l23 153q34 10 75 31l118-89q8-7 20-7 11 0 21 8 144 133 144 160 0 8-7 19-12 16-42 54t-45 60q23 48 34 82l152 23q10 2 17 10.5t7 19.5zm640 533v140q0 16-149 31-12 27-30 52 51 113 51 138 0 4-4 7-122 71-124 71-8 0-46-47t-52-68q-20 2-30 2t-30-2q-14 21-52 68t-46 47q-2 0-124-71-4-3-4-7 0-25 51-138-18-25-30-52-149-15-149-31v-140q0-16 149-31 13-29 30-52-51-113-51-138 0-4 4-7 4-2 35-20t59-34 30-16q8 0 46 46.5t52 67.5q20-2 30-2t30 2q51-71 92-112l6-2q4 0 124 70 4 3 4 7 0 25-51 138 17 23 30 52 149 15 149 31zm0-1024v140q0 16-149 31-12 27-30 52 51 113 51 138 0 4-4 7-122 71-124 71-8 0-46-47t-52-68q-20 2-30 2t-30-2q-14 21-52 68t-46 47q-2 0-124-71-4-3-4-7 0-25 51-138-18-25-30-52-149-15-149-31V314q0-16 149-31 13-29 30-52-51-113-51-138 0-4 4-7 4-2 35-20t59-34 30-16q8 0 46 46.5t52 67.5q20-2 30-2t30 2q51-71 92-112l6-2q4 0 124 70 4 3 4 7 0 25-51 138 17 23 30 52 149 15 149 31z\"><\/path>\n    <\/svg><\/span><\/div>\n                <div data-colibri-id=\"941-c6\" class=\"h-global-transition-all h-heading style-530 style-local-941-c6 position-relative h-element\">\n                  <!---->\n                  <div class=\"h-heading__outer style-530 style-local-941-c6\">\n                    <!---->\n                    <!---->\n                    <a href=\"https:\/\/erasmus.eoiestepona.org\/?page_id=930\" h-use-smooth-scroll=\"true\">\n                      <h5 class=\"\">Digitalizando tu clase<\/h5>\n                    <\/a>\n                  <\/div>\n                <\/div>\n                <div data-colibri-id=\"941-c7\" class=\"h-text h-text-component style-531 style-local-941-c7 position-relative h-element\">\n                  <!---->\n                  <!---->\n                  <div class=\"\">\n                    <p>Las herramientas b\u00e1sicas para que el profesor digitalice la clase de idiomas.<\/p>\n                  <\/div>\n                <\/div>\n              <\/div>\n            <\/div>\n          <\/div>\n          <div class=\"h-column h-column-container d-flex h-col-lg-6 h-col-md-6 h-col-12 style-528-outer style-local-941-c8-outer\">\n            <div data-colibri-id=\"941-c8\" class=\"d-flex h-flex-basis h-column__inner h-px-lg-2 h-px-md-3 h-px-2 v-inner-lg-0 v-inner-md-3 v-inner-2 style-528 style-local-941-c8 position-relative\">\n              <!---->\n              <!---->\n              <div class=\"w-100 h-y-container h-column__content h-column__v-align flex-basis-100 align-self-lg-start align-self-md-start align-self-start\">\n                <!---->\n                <div data-colibri-id=\"941-c9\" class=\"h-icon style-529 style-local-941-c9 position-relative h-element\">\n                  <!---->\n                  <a href=\"https:\/\/erasmus.eoiestepona.org\/?page_id=1258\" h-use-smooth-scroll=\"true\"><span class=\"h-svg-icon h-icon__icon style-529-icon style-local-941-c9-icon\"><!--Icon by Font Awesome (https:\/\/fontawesome.com)-->\n    <svg version=\"1.1\" xmlns=\"http:\/\/www.w3.org\/2000\/svg\" xmlns:xlink=\"http:\/\/www.w3.org\/1999\/xlink\" id=\"group\" viewBox=\"0 0 1920 1896.0833\">\n      <path d=\"M593 896q-162 5-265 128H194q-82 0-138-40.5T0 865q0-353 124-353 6 0 43.5 21t97.5 42.5T384 597q67 0 133-23-5 37-5 66 0 139 81 256zm1071 637q0 120-73 189.5t-194 69.5H523q-121 0-194-69.5T256 1533q0-53 3.5-103.5t14-109T300 1212t43-97.5 62-81 85.5-53.5T602 960q10 0 43 21.5t73 48 107 48 135 21.5 135-21.5 107-48 73-48 43-21.5q61 0 111.5 20t85.5 53.5 62 81 43 97.5 26.5 108.5 14 109 3.5 103.5zM640 256q0 106-75 181t-181 75-181-75-75-181 75-181T384 0t181 75 75 181zm704 384q0 159-112.5 271.5T960 1024 688.5 911.5 576 640t112.5-271.5T960 256t271.5 112.5T1344 640zm576 225q0 78-56 118.5t-138 40.5h-134q-103-123-265-128 81-117 81-256 0-29-5-66 66 23 133 23 59 0 119-21.5t97.5-42.5 43.5-21q124 0 124 353zm-128-609q0 106-75 181t-181 75-181-75-75-181 75-181 181-75 181 75 75 181z\"><\/path>\n    <\/svg><\/span><\/a>\n                <\/div>\n                <div data-colibri-id=\"941-c10\" class=\"h-global-transition-all h-heading style-530 style-local-941-c10 position-relative h-element\">\n                  <!---->\n                  <div class=\"h-heading__outer style-530 style-local-941-c10\">\n                    <!---->\n                    <!---->\n                    <a href=\"https:\/\/erasmus.eoiestepona.org\/?page_id=1258\" h-use-smooth-scroll=\"true\">\n                      <h5 class=\"\">Inteligencia Artificial<\/h5>\n                    <\/a>\n                  <\/div>\n                <\/div>\n                <div data-colibri-id=\"941-c11\" class=\"h-text h-text-component style-531 style-local-941-c11 position-relative h-element\">\n                  <!---->\n                  <!---->\n                  <div class=\"\">\n                    <p>C\u00f3mo empezar a utilizar la inteligencia artificial en la clase de idiomas.<\/p>\n                  <\/div>\n                <\/div>\n              <\/div>\n            <\/div>\n          <\/div>\n          <div class=\"h-column h-column-container d-flex h-col-lg-6 h-col-md-6 h-col-12 style-528-outer style-local-941-c12-outer\">\n            <div data-colibri-id=\"941-c12\" class=\"d-flex h-flex-basis h-column__inner h-px-lg-2 h-px-md-3 h-px-2 v-inner-lg-0 v-inner-md-3 v-inner-2 style-528 style-local-941-c12 position-relative\">\n              <!---->\n              <!---->\n              <div class=\"w-100 h-y-container h-column__content h-column__v-align flex-basis-100 align-self-lg-start align-self-md-start align-self-start\">\n                <!---->\n                <div data-colibri-id=\"941-c24\" class=\"h-icon style-535 style-local-941-c24 position-relative h-element\">\n                  <!---->\n                  <a href=\"https:\/\/erasmus.eoiestepona.org\/?page_id=1769\" h-use-smooth-scroll=\"true\"><span class=\"h-svg-icon h-icon__icon style-535-icon style-local-941-c24-icon\"><!--Icon by Font Awesome (https:\/\/fontawesome.com)-->\n    <svg version=\"1.1\" xmlns=\"http:\/\/www.w3.org\/2000\/svg\" xmlns:xlink=\"http:\/\/www.w3.org\/1999\/xlink\" id=\"leanpub\" viewBox=\"0 0 2048 1896.0833\">\n      <path d=\"M1893 392l155 1272q-131 0-257-57-200-91-393-91-226 0-374 148-148-148-374-148-193 0-393 91-128 57-252 57H0L155 392q224-127 482-127 233 0 387 106 154-106 387-106 258 0 482 127zm-495 987q129 0 232 28.5t260 93.5L1766 480q-171-78-368-78-224 0-374 141-150-141-374-141-197 0-368 78L158 1501q105-43 165.5-65t148.5-39.5 178-17.5q202 0 374 108 172-108 374-108zm40-34l-55-907q-211 4-359 155-152-155-374-155-176 0-336 66l-114 941q124-51 228.5-76t221.5-25q209 0 374 102 172-107 374-102z\"><\/path>\n    <\/svg><\/span><\/a>\n                <\/div>\n                <div data-colibri-id=\"941-c25\" class=\"h-x-container style-536 style-local-941-c25 position-relative h-element\">\n                  <!---->\n                  <div class=\"h-x-container-inner style-dynamic-941-c25-group style-536-spacing style-local-941-c25-spacing\"><span class=\"h-link__outer style-537-outer style-local-941-c26-outer d-inline-flex h-element\"><a h-use-smooth-scroll=\"true\" href=\"https:\/\/erasmus.eoiestepona.org\/?page_id=1769\"  data-colibri-id=\"941-c26\" class=\"d-flex w-100 align-items-center h-link style-537 style-local-941-c26 position-relative\"><!----><!----> <span>EXELEARNING<\/span><\/a>\n                    <\/span>\n                  <\/div>\n                <\/div>\n                <div data-colibri-id=\"941-c13\" class=\"h-text h-text-component style-531 style-local-941-c13 position-relative h-element\">\n                  <!---->\n                  <!---->\n                  <div class=\"\">\n                    <p>Herramienta para crear unidades did\u00e1cticas f\u00e1cilmente.<\/p>\n                  <\/div>\n                <\/div>\n              <\/div>\n            <\/div>\n          <\/div>\n          <div class=\"h-column h-column-container d-flex h-col-lg-6 h-col-md-6 h-col-12 style-528-outer style-local-941-c14-outer\">\n            <div data-colibri-id=\"941-c14\" class=\"d-flex h-flex-basis h-column__inner h-px-lg-2 h-px-md-3 h-px-2 v-inner-lg-0 v-inner-md-3 v-inner-2 style-528 style-local-941-c14 position-relative\">\n              <!---->\n              <!---->\n              <div class=\"w-100 h-y-container h-column__content h-column__v-align flex-basis-100 align-self-lg-start align-self-md-start align-self-start\">\n                <!---->\n                <div data-colibri-id=\"941-c15\" class=\"h-icon style-529 style-local-941-c15 position-relative h-element\">\n                  <!---->\n                  <a href=\"https:\/\/erasmus.eoiestepona.org\/?page_id=1744\" h-use-smooth-scroll=\"true\"><span class=\"h-svg-icon h-icon__icon style-529-icon style-local-941-c15-icon\"><!--Icon by Font Awesome (https:\/\/fontawesome.com)-->\n    <svg version=\"1.1\" xmlns=\"http:\/\/www.w3.org\/2000\/svg\" xmlns:xlink=\"http:\/\/www.w3.org\/1999\/xlink\" id=\"gears\" viewBox=\"0 0 1920 1896.0833\">\n      <path d=\"M896 896q0-106-75-181t-181-75-181 75-75 181 75 181 181 75 181-75 75-181zm768 512q0-52-38-90t-90-38-90 38-38 90q0 53 37.5 90.5t90.5 37.5 90.5-37.5 37.5-90.5zm0-1024q0-52-38-90t-90-38-90 38-38 90q0 53 37.5 90.5T1536 512t90.5-37.5T1664 384zm-384 421v185q0 10-7 19.5t-16 10.5l-155 24q-11 35-32 76 34 48 90 115 7 11 7 20 0 12-7 19-23 30-82.5 89.5T999 1423q-11 0-21-7l-115-90q-37 19-77 31-11 108-23 155-7 24-30 24H547q-11 0-20-7.5t-10-17.5l-23-153q-34-10-75-31l-118 89q-7 7-20 7-11 0-21-8-144-133-144-160 0-9 7-19 10-14 41-53t47-61q-23-44-35-82l-152-24q-10-1-17-9.5T0 987V802q0-10 7-19.5T23 772l155-24q11-35 32-76-34-48-90-115-7-11-7-20 0-12 7-20 22-30 82-89t79-59q11 0 21 7l115 90q34-18 77-32 11-108 23-154 7-24 30-24h186q11 0 20 7.5t10 17.5l23 153q34 10 75 31l118-89q8-7 20-7 11 0 21 8 144 133 144 160 0 8-7 19-12 16-42 54t-45 60q23 48 34 82l152 23q10 2 17 10.5t7 19.5zm640 533v140q0 16-149 31-12 27-30 52 51 113 51 138 0 4-4 7-122 71-124 71-8 0-46-47t-52-68q-20 2-30 2t-30-2q-14 21-52 68t-46 47q-2 0-124-71-4-3-4-7 0-25 51-138-18-25-30-52-149-15-149-31v-140q0-16 149-31 13-29 30-52-51-113-51-138 0-4 4-7 4-2 35-20t59-34 30-16q8 0 46 46.5t52 67.5q20-2 30-2t30 2q51-71 92-112l6-2q4 0 124 70 4 3 4 7 0 25-51 138 17 23 30 52 149 15 149 31zm0-1024v140q0 16-149 31-12 27-30 52 51 113 51 138 0 4-4 7-122 71-124 71-8 0-46-47t-52-68q-20 2-30 2t-30-2q-14 21-52 68t-46 47q-2 0-124-71-4-3-4-7 0-25 51-138-18-25-30-52-149-15-149-31V314q0-16 149-31 13-29 30-52-51-113-51-138 0-4 4-7 4-2 35-20t59-34 30-16q8 0 46 46.5t52 67.5q20-2 30-2t30 2q51-71 92-112l6-2q4 0 124 70 4 3 4 7 0 25-51 138 17 23 30 52 149 15 149 31z\"><\/path>\n    <\/svg><\/span><\/a>\n                <\/div>\n                <div data-colibri-id=\"941-c16\" class=\"h-global-transition-all h-heading style-530 style-local-941-c16 position-relative h-element\">\n                  <!---->\n                  <div class=\"h-heading__outer style-530 style-local-941-c16\">\n                    <!---->\n                    <!---->\n                    <a href=\"https:\/\/erasmus.eoiestepona.org\/?page_id=930\" h-use-smooth-scroll=\"true\">\n                      <h5 class=\"\">VIDEOS INTERACTIVOS<\/h5>\n                    <\/a>\n                  <\/div>\n                <\/div>\n                <div data-colibri-id=\"941-c17\" class=\"h-text h-text-component style-531 style-local-941-c17 position-relative h-element\">\n                  <!---->\n                  <!---->\n                  <div class=\"\">\n                    <p>Enriquece tus clases con v\u00eddeos interactivos.<\/p>\n                  <\/div>\n                <\/div>\n              <\/div>\n            <\/div>\n          <\/div>\n        <\/div>\n      <\/div>\n    <\/div>\n  <\/div>\n  <div data-colibri-component=\"section\" data-colibri-id=\"941-c18\" id=\"initial-content\" class=\"h-section h-section-global-spacing d-flex align-items-lg-center align-items-md-center align-items-center style-522 style-local-941-c18 position-relative\">\n    <!---->\n    <!---->\n    <div class=\"h-section-grid-container h-section-boxed-container\">\n      <!---->\n      <div data-colibri-id=\"941-c19\" class=\"h-row-container gutters-row-lg-2 gutters-row-md-2 gutters-row-0 gutters-row-v-lg-2 gutters-row-v-md-2 gutters-row-v-2 style-523 style-local-941-c19 position-relative\">\n        <!---->\n        <div class=\"h-row justify-content-lg-center justify-content-md-center justify-content-center align-items-lg-stretch align-items-md-stretch align-items-stretch gutters-col-lg-2 gutters-col-md-2 gutters-col-0 gutters-col-v-lg-2 gutters-col-v-md-2 gutters-col-v-2\">\n          <!---->\n          <div class=\"h-column h-column-container d-flex h-col-lg-auto h-col-md-auto h-col-auto style-524-outer style-local-941-c20-outer\">\n            <div data-colibri-id=\"941-c20\" class=\"d-flex h-flex-basis h-column__inner h-ui-empty-state-container h-px-lg-2 h-px-md-2 h-px-2 v-inner-lg-2 v-inner-md-2 v-inner-2 style-524 style-local-941-c20 position-relative\">\n              <!---->\n              <!---->\n              <div class=\"w-100 h-y-container h-column__content h-column__v-align flex-basis-100\">\n                <!---->\n              <\/div>\n            <\/div>\n          <\/div>\n        <\/div>\n      <\/div>\n      <div data-colibri-id=\"941-c21\" class=\"h-row-container gutters-row-lg-2 gutters-row-md-2 gutters-row-0 gutters-row-v-lg-2 gutters-row-v-md-2 gutters-row-v-2 style-532 style-local-941-c21 position-relative\">\n        <!---->\n        <div class=\"h-row justify-content-lg-center justify-content-md-center justify-content-center align-items-lg-stretch align-items-md-stretch align-items-stretch gutters-col-lg-2 gutters-col-md-2 gutters-col-0 gutters-col-v-lg-2 gutters-col-v-md-2 gutters-col-v-2\">\n          <!---->\n          <div class=\"h-column h-column-container d-flex h-col-lg-auto h-col-md-auto h-col-auto style-533-outer style-local-941-c22-outer\">\n            <div data-colibri-id=\"941-c22\" class=\"d-flex h-flex-basis h-column__inner h-px-lg-2 h-px-md-2 h-px-2 v-inner-lg-2 v-inner-md-2 v-inner-2 style-533 style-local-941-c22 position-relative\">\n              <!---->\n              <!---->\n              <div class=\"w-100 h-y-container h-column__content h-column__v-align flex-basis-100 align-self-lg-start align-self-md-start align-self-start\">\n                <!---->\n                <div data-colibri-id=\"941-c23\" class=\"style-525 style-local-941-c23 position-relative h-element\">\n                  <!---->\n                  <div>&nbsp;\n\n                    <a href=\"https:\/\/erasmus.eoiestepona.org\/?page_id=930\">Digititalizando tu clase<\/a>\n\n                    &nbsp;<\/div>\n                <\/div>\n              <\/div>\n            <\/div>\n          <\/div>\n        <\/div>\n      <\/div>\n    <\/div>\n  <\/div>\n<\/div>","protected":false},"excerpt":{"rendered":"<p>Digitalizando tu clase Las herramientas b\u00e1sicas para que el profesor digitalice la clase de idiomas. Inteligencia Artificial C\u00f3mo empezar a utilizar la inteligencia artificial en la clase de idiomas. EXELEARNING Herramienta para crear unidades did\u00e1cticas f\u00e1cilmente. VIDEOS INTERACTIVOS Enriquece tus clases con v\u00eddeos interactivos. &nbsp; Digititalizando tu clase &nbsp;<\/p>\n","protected":false},"author":1,"featured_media":0,"parent":0,"menu_order":0,"comment_status":"closed","ping_status":"closed","template":"page-templates\/full-width-page.php","meta":{"footnotes":""},"class_list":["post-941","page","type-page","status-publish","hentry"],"_links":{"self":[{"href":"https:\/\/erasmus.eoiestepona.org\/index.php?rest_route=\/wp\/v2\/pages\/941","targetHints":{"allow":["GET"]}}],"collection":[{"href":"https:\/\/erasmus.eoiestepona.org\/index.php?rest_route=\/wp\/v2\/pages"}],"about":[{"href":"https:\/\/erasmus.eoiestepona.org\/index.php?rest_route=\/wp\/v2\/types\/page"}],"author":[{"embeddable":true,"href":"https:\/\/erasmus.eoiestepona.org\/index.php?rest_route=\/wp\/v2\/users\/1"}],"replies":[{"embeddable":true,"href":"https:\/\/erasmus.eoiestepona.org\/index.php?rest_route=%2Fwp%2Fv2%2Fcomments&post=941"}],"version-history":[{"count":8,"href":"https:\/\/erasmus.eoiestepona.org\/index.php?rest_route=\/wp\/v2\/pages\/941\/revisions"}],"predecessor-version":[{"id":1774,"href":"https:\/\/erasmus.eoiestepona.org\/index.php?rest_route=\/wp\/v2\/pages\/941\/revisions\/1774"}],"wp:attachment":[{"href":"https:\/\/erasmus.eoiestepona.org\/index.php?rest_route=%2Fwp%2Fv2%2Fmedia&parent=941"}],"curies":[{"name":"wp","href":"https:\/\/api.w.org\/{rel}","templated":true}]}}